{"id":49,"date":"2015-04-10T00:17:09","date_gmt":"2015-04-09T21:17:09","guid":{"rendered":"http:\/\/drrenadermo.com\/?page_id=49"},"modified":"2020-10-08T21:29:04","modified_gmt":"2020-10-08T18:29:04","slug":"kas-ve-kirpik-serumu","status":"publish","type":"page","link":"https:\/\/drrenadermo.com\/?page_id=49","title":{"rendered":"KA\u015e VE K\u0130RP\u0130K SERUMU"},"content":{"rendered":"","protected":false},"excerpt":{"rendered":"","protected":false},"author":1,"featured_media":0,"parent":0,"menu_order":0,"comment_status":"open","ping_status":"open","template":"","meta":[],"_links":{"self":[{"href":"https:\/\/drrenadermo.com\/index.php?rest_route=\/wp\/v2\/pages\/49"}],"collection":[{"href":"https:\/\/drrenadermo.com\/index.php?rest_route=\/wp\/v2\/pages"}],"about":[{"href":"https:\/\/drrenadermo.com\/index.php?rest_route=\/wp\/v2\/types\/page"}],"author":[{"embeddable":true,"href":"https:\/\/drrenadermo.com\/index.php?rest_route=\/wp\/v2\/users\/1"}],"replies":[{"embeddable":true,"href":"https:\/\/drrenadermo.com\/index.php?rest_route=%2Fwp%2Fv2%2Fcomments&post=49"}],"version-history":[{"count":3,"href":"https:\/\/drrenadermo.com\/index.php?rest_route=\/wp\/v2\/pages\/49\/revisions"}],"predecessor-version":[{"id":85,"href":"https:\/\/drrenadermo.com\/index.php?rest_route=\/wp\/v2\/pages\/49\/revisions\/85"}],"wp:attachment":[{"href":"https:\/\/drrenadermo.com\/index.php?rest_route=%2Fwp%2Fv2%2Fmedia&parent=49"}],"curies":[{"name":"wp","href":"https:\/\/api.w.org\/{rel}","templated":true}]}}