{"id":14,"date":"2015-04-09T22:46:38","date_gmt":"2015-04-09T19:46:38","guid":{"rendered":"http:\/\/drrenadermo.com\/?page_id=14"},"modified":"2020-10-08T20:35:40","modified_gmt":"2020-10-08T17:35:40","slug":"ana-sayfa","status":"publish","type":"page","link":"https:\/\/drrenadermo.com\/?page_id=14","title":{"rendered":"Dr. Rena Dermo"},"content":{"rendered":"<p><a href=\"http:\/\/drrenadermo.com\/wp-content\/uploads\/2015\/04\/11.png\"><img loading=\"lazy\" class=\"  alignleft wp-image-24\" src=\"http:\/\/drrenadermo.com\/wp-content\/uploads\/2015\/04\/11-140x300.png\" alt=\"11\" width=\"152\" height=\"326\" srcset=\"https:\/\/drrenadermo.com\/wp-content\/uploads\/2015\/04\/11-140x300.png 140w, https:\/\/drrenadermo.com\/wp-content\/uploads\/2015\/04\/11-68x146.png 68w, https:\/\/drrenadermo.com\/wp-content\/uploads\/2015\/04\/11-23x50.png 23w, https:\/\/drrenadermo.com\/wp-content\/uploads\/2015\/04\/11-33x70.png 33w, https:\/\/drrenadermo.com\/wp-content\/uploads\/2015\/04\/11.png 224w\" sizes=\"(max-width: 152px) 100vw, 152px\" \/><\/a>Firmam\u0131z kurulu\u015fundan bug\u00fcne kozmetik sekt\u00f6r\u00fcne \u00fcretim yapmakta olan firmam\u0131z, \u00fcretim tesisine ve Ar-Ge laboratuar\u0131na yat\u0131r\u0131mlar\u0131n\u0131 devam ettirmektedir.<\/p>\n<p>Krem, \u015fampuan, du\u015f jeli,\u00a0parf\u00fcm, gibi kozmetik \u00fcr\u00fcnleri yan\u0131 s\u0131ra pi\u015fik kremi, g\u00fcne\u015f kremi, cilt temizleyici gibi dermokozmetik\u00a0\u00fcr\u00fcnlerinin \u00fcretimi yap\u0131lmaktad\u0131r. Bu \u00fcr\u00fcn \u00e7e\u015fitlili\u011fi her ge\u00e7en g\u00fcn artmaya devam etmektedir.<\/p>\n<p>Nitelik\u00e7i tedarik\u00e7ilerle i\u015f birlikleri kurarak m\u00fc\u015fterilerimizin taleplerini en h\u0131zl\u0131 \u015fekilde yerine getirmek her daim \u00f6nceli\u011fimizdir.<\/p>\n<p>Ar-Ge \u00e7al\u0131\u015fmalar\u0131 sonucunda olu\u015fturdu\u011fu form\u00fclasyonlarla y\u00fcksek kalitede hizmet vermeyi ama\u00e7 edinmi\u015f firmam\u0131z, \u00fcr\u00fcn form\u00fclasyonlar\u0131n\u0131 t\u00fcm \u015feffafl\u0131\u011f\u0131yla i\u015f ortaklar\u0131na konu hakk\u0131nda bilgilendirmeler yapmaktad\u0131r. \u00dcr\u00fcn form\u00fclasyonlar\u0131 tamamen i\u015f ortaklar\u0131na \u00f6zel olup, ba\u015fka firmalarla asla payla\u015f\u0131lmaz. Ayr\u0131ca form\u00fclasyonlar\u0131n t\u00fcm yasal s\u00fcre\u00e7lerini, \u00fcretim s\u00fcre\u00e7lerini, testlerini i\u015f ortaklar\u0131na detayl\u0131 olarak sunmaktad\u0131r.<\/p>\n<p>Fason \u00e7al\u0131\u015ft\u0131\u011f\u0131m\u0131z firmalar Sa\u011fl\u0131k Bakanl\u0131\u011f\u0131 \u0130la\u00e7 ve Eczac\u0131l\u0131k Genel M\u00fcd\u00fcrl\u00fc\u011f\u00fc firma e-bildirim \u015fifrelerini verdi\u011fi taktirde t\u00fcm \u00fcr\u00fcn giri\u015flerini yap\u0131yor, istenildi\u011fi taktirde gerekli laboratuvar testlerini yapt\u0131r\u0131yoruz. Ayn\u0131 zamanda g\u00fcvenlik bilgi dosyalar\u0131n\u0131n haz\u0131rlanmas\u0131na da yard\u0131mc\u0131 oluyoruz. Ayr\u0131ca iste\u011fe ba\u011fl\u0131 olarak m\u00fc\u015fterilerine, \u00fcr\u00fcnlerin ambalaj (\u015fi\u015fe, kutu vs.) tasar\u0131m\u0131 konusunda teknik destek sa\u011flamaktad\u0131r.<\/p>\n<p><strong>Vizyon<\/strong><br \/>\nSekt\u00f6rdeki yenilikleri yak\u0131ndan takip ederek, i\u015f birli\u011fi i\u00e7erisinde oldu\u011fumuz firmalar\u0131n taleplerini en h\u0131zl\u0131 ve etkili \u015fekilde cevaplamak, trendler do\u011frultusunda kendi geli\u015ftirdi\u011fimiz \u00fcr\u00fcnleri m\u00fc\u015fterilerimize proje baz\u0131nda sunmak, sekt\u00f6rde lider \u00fcretici konumuna gelmektir.<\/p>\n<p><strong>Misyon<\/strong><br \/>\nKaliteli kozmetik \u00fcr\u00fcnleri, d\u00fcnya \u00e7ap\u0131nda ba\u015far\u0131 sa\u011flam\u0131\u015f tedarik\u00e7ilerimizle i\u015f birli\u011fi i\u00e7erisinde, her ge\u00e7en g\u00fcn yat\u0131r\u0131mlar\u0131m\u0131z\u0131 artt\u0131rd\u0131\u011f\u0131m\u0131z \u00fcretim tesisimizde son t\u00fcketiciyi \u00fcr\u00fcnlerimizin kalitesi ile her zaman memnun etmektir.<\/p>\n","protected":false},"excerpt":{"rendered":"<p>Firmam\u0131z kurulu\u015fundan bug\u00fcne kozmetik sekt\u00f6r\u00fcne \u00fcretim yapmakta olan firmam\u0131z, \u00fcretim tesisine ve Ar-Ge laboratuar\u0131na yat\u0131r\u0131mlar\u0131n\u0131 devam ettirmektedir. Krem, \u015fampuan, du\u015f jeli,\u00a0parf\u00fcm, gibi kozmetik \u00fcr\u00fcnleri [&hellip;]<\/p>\n","protected":false},"author":1,"featured_media":0,"parent":0,"menu_order":0,"comment_status":"open","ping_status":"open","template":"","meta":[],"_links":{"self":[{"href":"https:\/\/drrenadermo.com\/index.php?rest_route=\/wp\/v2\/pages\/14"}],"collection":[{"href":"https:\/\/drrenadermo.com\/index.php?rest_route=\/wp\/v2\/pages"}],"about":[{"href":"https:\/\/drrenadermo.com\/index.php?rest_route=\/wp\/v2\/types\/page"}],"author":[{"embeddable":true,"href":"https:\/\/drrenadermo.com\/index.php?rest_route=\/wp\/v2\/users\/1"}],"replies":[{"embeddable":true,"href":"https:\/\/drrenadermo.com\/index.php?rest_route=%2Fwp%2Fv2%2Fcomments&post=14"}],"version-history":[{"count":9,"href":"https:\/\/drrenadermo.com\/index.php?rest_route=\/wp\/v2\/pages\/14\/revisions"}],"predecessor-version":[{"id":61,"href":"https:\/\/drrenadermo.com\/index.php?rest_route=\/wp\/v2\/pages\/14\/revisions\/61"}],"wp:attachment":[{"href":"https:\/\/drrenadermo.com\/index.php?rest_route=%2Fwp%2Fv2%2Fmedia&parent=14"}],"curies":[{"name":"wp","href":"https:\/\/api.w.org\/{rel}","templated":true}]}}